{"id":919,"date":"2023-05-30T17:35:56","date_gmt":"2023-05-30T17:35:56","guid":{"rendered":"https:\/\/lamurta.xyz\/?page_id=919"},"modified":"2023-05-30T17:48:56","modified_gmt":"2023-05-30T17:48:56","slug":"tratamiento-del-agua-sucia","status":"publish","type":"page","link":"https:\/\/lamurta.xyz\/index.php\/la-casa\/tratamiento-del-agua-sucia\/","title":{"rendered":"TRATAMIENTO DEL AGUA SUCIA"},"content":{"rendered":"\n<p>Nuestro proyecto quisimos que fuera respetuoso con el medio ambiente, no invasivo . Nos gusta la filosof\u00eda de la permacultura, as\u00ed pues deb\u00edamos estudiar como gestion\u00e1bamos el agua sucia que producimos <\/p>\n\n\n\n<h2 class=\"wp-block-heading\">Qu\u00e9 son las aguas grises<\/h2>\n\n\n\n<p>Las aguas grises son aquellas que ya fueron utilizadas como primer consumo. Son un tipo de agua residual, pero con niveles inferiores de contaminaci\u00f3n. Es decir, el agua que cae por el lavaplatos despu\u00e9s de enjuagar la loza, el agua de la lavadora, de la ducha, entre otros, pero no el agua del inodoro.<\/p>\n\n\n\n<p>Son los residuos de agua que ya no pueden ser bebidos, pero que s\u00ed pueden ser reutilizados. Pueden ser tratados en plantas o en tu propia casa para que sean reutilizados. Es as\u00ed, como las aguas grises se han transformado en una oportunidad para mitigar el impacto de la crisis clim\u00e1tica y, por ende, la escasez de agua dulce.<\/p>\n\n\n\n<figure class=\"wp-block-image size-full is-resized\"><a href=\"https:\/\/www.youtube.com\/watch?v=hNU57K-5Iq0\" target=\"_blank\" rel=\"noreferrer noopener\"><img loading=\"lazy\" decoding=\"async\" src=\"https:\/\/lamurta.xyz\/wp-content\/uploads\/2023\/05\/image.png\" alt=\"\" class=\"wp-image-920\" width=\"689\" height=\"390\" srcset=\"https:\/\/lamurta.xyz\/wp-content\/uploads\/2023\/05\/image.png 635w, https:\/\/lamurta.xyz\/wp-content\/uploads\/2023\/05\/image-300x170.png 300w\" sizes=\"auto, (max-width: 689px) 100vw, 689px\" \/><\/a><\/figure>\n\n\n\n<p>Para la gesti\u00f3n del agua negra utilizamos una depuradora Imhoff .<\/p>\n\n\n\n<p>El tanque Imhoff, ampliamente utilizado en la actualidad, toma su nombre del profesor alem\u00e1n y doctor en ingenier\u00eda Karl Imhoff. La tecnolog\u00eda fue desarrollada en el distrito de Emscher (Alemania) y patentada en 1906 por el Dr. Imhoff.&nbsp;La primera planta se puso en funcionamiento dos a\u00f1os despu\u00e9s<\/p>\n\n\n\n<p>El desarrollo del tanque de Imhoff a lo largo de los a\u00f1os 1930 y 1940 fue debido a los problemas asociados con los lodos en los tanques primarios y el uso de tanques s\u00e9pticos \u00abregulares\u201d, a lo que hay que a\u00f1adir los olores generados durante la digesti\u00f3n.<\/p>\n\n\n\n<p>La principal ventaja de este tipo de tanque sobre el tanque s\u00e9ptico es que los lodos se separan del efluente, lo que permite una sedimentaci\u00f3n y una digesti\u00f3n m\u00e1s completa. Cuando trabajan correctamente, estos sistemas son capaces de eliminar entre el 30 y 60 por ciento de la materia en suspensi\u00f3n, y entre el 25 y 40 por ciento de la materia organica<\/p>\n\n\n\n<h4 class=\"wp-block-heading\"><strong>Dise\u00f1o del tanque Imhoff<\/strong><\/h4>\n\n\n\n<p>El tanque Imhoff consiste en una secci\u00f3n superior (c\u00e1mara de sedimentaci\u00f3n) y una secci\u00f3n inferior (c\u00e1mara de digesti\u00f3n). Despu\u00e9s de los procesos de pretratamiento, el agua entra en la c\u00e1mara (2), los s\u00f3lidos se asientan en la c\u00e1mara de sedimentaci\u00f3n superior y descienden lentamente por un tabique inclinado (3) que finaliza en una peque\u00f1a secci\u00f3n abierta (4), a trav\u00e9s de la cual pasa las materias decantadas a la c\u00e1mara de digesti\u00f3n (5). All\u00ed se acumulan y se digieren lentamente.<\/p>\n\n\n\n<figure class=\"wp-block-image\"><img decoding=\"async\" src=\"https:\/\/www.aguasresiduales.info\/media\/images\/ckfinder\/userfiles\/images\/imhoff1.jpg\" alt=\"\"\/><\/figure>\n\n\n\n<p>Gracias a su dise\u00f1o, se impide que el gas y la escoria penetren en la c\u00e1mara de sedimentaci\u00f3n debido a las ranuras estrechas que impiden que las part\u00edculas de gas y lodo entren en la c\u00e1mara de sedimentaci\u00f3n.<\/p>\n\n\n\n<p>En la c\u00e1mara de digesti\u00f3n (5) se producen reacciones anaerobias, es decir sin la intervenci\u00f3n del ox\u00edgeno. Los fangos se depositan en la parte baja de \u00e9sta c\u00e1mara, donde permanecen hasta ser retirados peri\u00f3dicamente para su posterior tratamiento y secado.                                     <\/p>\n\n\n\n<p>El efluemte sale siendo ya adecuado para el riego <\/p>\n\n\n\n<figure class=\"wp-block-gallery has-nested-images columns-default is-cropped wp-block-gallery-1 is-layout-flex wp-block-gallery-is-layout-flex\">\n<figure class=\"wp-block-image size-large\"><img loading=\"lazy\" decoding=\"async\" width=\"378\" height=\"490\" data-id=\"921\" src=\"https:\/\/lamurta.xyz\/wp-content\/uploads\/2023\/05\/depuradora.jpg\" alt=\"\" class=\"wp-image-921\" srcset=\"https:\/\/lamurta.xyz\/wp-content\/uploads\/2023\/05\/depuradora.jpg 378w, https:\/\/lamurta.xyz\/wp-content\/uploads\/2023\/05\/depuradora-231x300.jpg 231w\" sizes=\"auto, (max-width: 378px) 100vw, 378px\" \/><\/figure>\n\n\n\n<figure class=\"wp-block-image size-large\"><img loading=\"lazy\" decoding=\"async\" width=\"150\" height=\"200\" data-id=\"165\" src=\"https:\/\/lamurta.xyz\/wp-content\/uploads\/2023\/01\/IMG_20200510_112532-web.png\" alt=\"\" class=\"wp-image-165\"\/><\/figure>\n\n\n\n<figure class=\"wp-block-image size-large\"><img loading=\"lazy\" decoding=\"async\" width=\"267\" height=\"200\" data-id=\"200\" src=\"https:\/\/lamurta.xyz\/wp-content\/uploads\/2023\/01\/IMG_20200510_112550-web.png\" alt=\"\" class=\"wp-image-200\"\/><\/figure>\n\n\n\n<figure class=\"wp-block-image size-large\"><img loading=\"lazy\" decoding=\"async\" width=\"150\" height=\"200\" data-id=\"173\" src=\"https:\/\/lamurta.xyz\/wp-content\/uploads\/2023\/01\/IMG_20200510_191917-web.png\" alt=\"\" class=\"wp-image-173\"\/><\/figure>\n\n\n\n<figure class=\"wp-block-image size-large\"><img loading=\"lazy\" decoding=\"async\" width=\"150\" height=\"200\" data-id=\"174\" src=\"https:\/\/lamurta.xyz\/wp-content\/uploads\/2023\/01\/IMG_20200510_131335-web.png\" alt=\"\" class=\"wp-image-174\"\/><\/figure>\n\n\n\n<figure class=\"wp-block-image size-large\"><img loading=\"lazy\" decoding=\"async\" width=\"267\" height=\"200\" data-id=\"197\" src=\"https:\/\/lamurta.xyz\/wp-content\/uploads\/2023\/01\/IMG_20200513_132259-web.png\" alt=\"\" class=\"wp-image-197\"\/><\/figure>\n\n\n\n<figure class=\"wp-block-image size-large\"><img loading=\"lazy\" decoding=\"async\" width=\"267\" height=\"200\" data-id=\"196\" src=\"https:\/\/lamurta.xyz\/wp-content\/uploads\/2023\/01\/IMG_20200513_132316-web.png\" alt=\"\" class=\"wp-image-196\"\/><\/figure>\n\n\n\n<figure class=\"wp-block-image size-large\"><img loading=\"lazy\" decoding=\"async\" width=\"267\" height=\"200\" data-id=\"194\" src=\"https:\/\/lamurta.xyz\/wp-content\/uploads\/2023\/01\/IMG_20200514_105516-web.png\" alt=\"\" class=\"wp-image-194\"\/><\/figure>\n\n\n\n<figure class=\"wp-block-image size-large\"><img loading=\"lazy\" decoding=\"async\" width=\"267\" height=\"200\" data-id=\"190\" src=\"https:\/\/lamurta.xyz\/wp-content\/uploads\/2023\/01\/IMG_20200514_142220-web.png\" alt=\"\" class=\"wp-image-190\"\/><\/figure>\n\n\n\n<figure class=\"wp-block-image size-large\"><img loading=\"lazy\" decoding=\"async\" width=\"267\" height=\"200\" data-id=\"195\" src=\"https:\/\/lamurta.xyz\/wp-content\/uploads\/2023\/01\/IMG_20200519_084352-web.png\" alt=\"\" class=\"wp-image-195\"\/><\/figure>\n\n\n\n<figure class=\"wp-block-image size-large\"><img loading=\"lazy\" decoding=\"async\" width=\"267\" height=\"200\" data-id=\"191\" src=\"https:\/\/lamurta.xyz\/wp-content\/uploads\/2023\/01\/IMG_20200514_142202-web.png\" alt=\"\" class=\"wp-image-191\"\/><\/figure>\n\n\n\n<figure class=\"wp-block-image size-large\"><img loading=\"lazy\" decoding=\"async\" width=\"267\" height=\"200\" data-id=\"185\" src=\"https:\/\/lamurta.xyz\/wp-content\/uploads\/2023\/01\/IMG_20200514_142227-web.png\" alt=\"\" class=\"wp-image-185\"\/><\/figure>\n\n\n\n<figure class=\"wp-block-image size-large\"><img loading=\"lazy\" decoding=\"async\" width=\"267\" height=\"200\" data-id=\"181\" src=\"https:\/\/lamurta.xyz\/wp-content\/uploads\/2023\/01\/IMG_20200519_084405-web.png\" alt=\"\" class=\"wp-image-181\"\/><\/figure>\n\n\n\n<figure class=\"wp-block-image size-large\"><img loading=\"lazy\" decoding=\"async\" width=\"150\" height=\"200\" data-id=\"162\" src=\"https:\/\/lamurta.xyz\/wp-content\/uploads\/2023\/01\/IMG_20200519_084417-web.png\" alt=\"\" class=\"wp-image-162\"\/><\/figure>\n<\/figure>\n","protected":false},"excerpt":{"rendered":"<p>Nuestro proyecto quisimos que fuera respetuoso con el medio ambiente, no invasivo . Nos gusta la filosof\u00eda de la permacultura, as\u00ed pues deb\u00edamos estudiar como gestion\u00e1bamos el agua sucia que producimos Qu\u00e9 son las aguas grises Las aguas grises son aquellas que ya fueron&#8230;<\/p>\n","protected":false},"author":1,"featured_media":0,"parent":34,"menu_order":0,"comment_status":"closed","ping_status":"closed","template":"","meta":{"_kadence_starter_templates_imported_post":false,"footnotes":""},"class_list":["post-919","page","type-page","status-publish","hentry"],"_links":{"self":[{"href":"https:\/\/lamurta.xyz\/index.php\/wp-json\/wp\/v2\/pages\/919","targetHints":{"allow":["GET"]}}],"collection":[{"href":"https:\/\/lamurta.xyz\/index.php\/wp-json\/wp\/v2\/pages"}],"about":[{"href":"https:\/\/lamurta.xyz\/index.php\/wp-json\/wp\/v2\/types\/page"}],"author":[{"embeddable":true,"href":"https:\/\/lamurta.xyz\/index.php\/wp-json\/wp\/v2\/users\/1"}],"replies":[{"embeddable":true,"href":"https:\/\/lamurta.xyz\/index.php\/wp-json\/wp\/v2\/comments?post=919"}],"version-history":[{"count":4,"href":"https:\/\/lamurta.xyz\/index.php\/wp-json\/wp\/v2\/pages\/919\/revisions"}],"predecessor-version":[{"id":927,"href":"https:\/\/lamurta.xyz\/index.php\/wp-json\/wp\/v2\/pages\/919\/revisions\/927"}],"up":[{"embeddable":true,"href":"https:\/\/lamurta.xyz\/index.php\/wp-json\/wp\/v2\/pages\/34"}],"wp:attachment":[{"href":"https:\/\/lamurta.xyz\/index.php\/wp-json\/wp\/v2\/media?parent=919"}],"curies":[{"name":"wp","href":"https:\/\/api.w.org\/{rel}","templated":true}]}}