{"id":505,"date":"2023-01-18T12:35:53","date_gmt":"2023-01-18T12:35:53","guid":{"rendered":"https:\/\/lamurta.xyz\/?page_id=505"},"modified":"2023-04-01T17:13:45","modified_gmt":"2023-04-01T17:13:45","slug":"nuestras-ensenas","status":"publish","type":"page","link":"https:\/\/lamurta.xyz\/index.php\/nosotros-2\/nuestras-ensenas\/","title":{"rendered":"NUESTRAS ENSE\u00d1AS"},"content":{"rendered":"\n<p>Hay varias banderas con las que nos sentimos identificados, por desgracia la ignorancia , provoca que algunas de ellas, sean vistas como elementos de divisi\u00f3n y enfrentamiento.<\/p>\n\n\n\n<p>Una de las banderas con la que nos identificamos, es la bandera arco iris , entendemos que esa bandera representa la tolerancia, la libertad , la convivencia &#8230; , y los ignorantes que no sean capaces de ver mas all\u00e1 de sus prejuicios , pues tampoco los queremos aqu\u00ed<\/p>\n\n\n\n<div class=\"wp-block-media-text alignwide is-stacked-on-mobile\" style=\"grid-template-columns:27% auto\"><figure class=\"wp-block-media-text__media\"><img loading=\"lazy\" decoding=\"async\" width=\"560\" height=\"330\" src=\"https:\/\/lamurta.xyz\/wp-content\/uploads\/2023\/02\/bandera-cielo.jpg\" alt=\"\" class=\"wp-image-622 size-full\" srcset=\"https:\/\/lamurta.xyz\/wp-content\/uploads\/2023\/02\/bandera-cielo.jpg 560w, https:\/\/lamurta.xyz\/wp-content\/uploads\/2023\/02\/bandera-cielo-300x177.jpg 300w, https:\/\/lamurta.xyz\/wp-content\/uploads\/2023\/02\/bandera-cielo-150x88.jpg 150w\" sizes=\"auto, (max-width: 560px) 100vw, 560px\" \/><\/figure><div class=\"wp-block-media-text__content\">\n<p>Hemos adoptado una bandera que a nosotros nos parece hermosa. No se termina de entender, como de costumbre por desconocimiento&#8230;.  Vamos a hablar un poco de ella . <\/p>\n<\/div><\/div>\n\n\n\n<p>Hab\u00eda banderas similares en los Estados Unidos en los primer a\u00f1os de la d\u00e9cada de 1970, usadas como s\u00edmbolo de unidad internacional de toda la gente del planeta, pero, a fines de esa d\u00e9cada, la relaci\u00f3n popular de esos colores con el orgullo LGBTI comenz\u00f3 a dominar. La bandera original fue dise\u00f1ada por Gilbert Baker.<\/p>\n\n\n\n<p>Flame\u00f3 por primera vez en el Festival del orgullo de San Francisco, el 25 de junio de 1978.<\/p>\n\n\n\n<p>Se ha se\u00f1alado que Baker se inspir\u00f3 en la canci\u00f3n \u00abOver the Rainbow\u00bb, interpretada por Judy Garland en su interpretaci\u00f3n de Judhit de \u201c El Mago de Oz\u00bb. <a href=\"https:\/\/www.youtube.com\/watch?v=APN2xEAJTQI\">https:\/\/www.youtube.com\/watch?v=APN2xEAJTQI<\/a><\/p>\n\n\n\n<p>La bandera original tenia 8 colores, la actual tiene 6&#8230;aunque esto no es del todo cierto, como bandera viva que es va creciendo y mejorando e integrando cada vez mas sensibilidaes<\/p>\n\n\n\n<div class=\"wp-block-media-text alignwide is-stacked-on-mobile\" style=\"grid-template-columns:40% auto\"><figure class=\"wp-block-media-text__media\"><img loading=\"lazy\" decoding=\"async\" width=\"270\" height=\"180\" src=\"https:\/\/lamurta.xyz\/wp-content\/uploads\/2023\/02\/bandera-dibujo-6-colores.png\" alt=\"\" class=\"wp-image-627 size-full\" srcset=\"https:\/\/lamurta.xyz\/wp-content\/uploads\/2023\/02\/bandera-dibujo-6-colores.png 270w, https:\/\/lamurta.xyz\/wp-content\/uploads\/2023\/02\/bandera-dibujo-6-colores-150x100.png 150w\" sizes=\"auto, (max-width: 270px) 100vw, 270px\" \/><\/figure><div class=\"wp-block-media-text__content\">\n<p><\/p>\n\n\n\n<ul class=\"wp-block-list\">\n<li>El rosa representaba la sexualidad<\/li>\n\n\n\n<li>El rojo, la vida<\/li>\n\n\n\n<li>El naranja, la salud<\/li>\n\n\n\n<li>El amarillo, el sol<\/li>\n\n\n\n<li>El verde, la naturaleza<\/li>\n\n\n\n<li>El turquesa, la magia y el arte<\/li>\n\n\n\n<li>El azul, la armon\u00eda y la serenidad<\/li>\n\n\n\n<li>El violeta, el esp\u00edritu<\/li>\n<\/ul>\n<\/div><\/div>\n\n\n\n<p>Despu\u00e9s del 27 de noviembre de 1978, tras el asesinato de <a href=\"https:\/\/historia.nationalgeographic.com.es\/foto-del-dia\/asesinato-harvey-milk_18171\">Harvey Milk<\/a>, miembro de la Junta de Supervisores de San Francisco, la demanda de la bandera del arco\u00edris se acrecent\u00f3. Para fomentar la demanda, la Paramount Flag Company comenz\u00f3 a vender una nueva versi\u00f3n de la bandera, de siete colores, en detrimento del color rosa. Baker se adhiri\u00f3 a la nueva bandera debido a la poca o nula disponibilidad de f\u00e1bricas que utilizaran el color faltante.<\/p>\n\n\n\n<p>En 1979 la bandera fue modificada de nuevo. Cuando las banderas eran instaladas en los postes de luz de San Francisco, los colores centrales se camuflaban con los mismos postes. De esa forma, la mejor manera de solucionar ese problema era reduciendo la cantidad de colores de la bandera. De esta forma, se form\u00f3 el dise\u00f1o actual de seis franjas.<\/p>\n\n\n\n<p>Durante los a\u00f1os 1980 la bandera acrecent\u00f3 su popularidad a nivel nacional en los Estados Unidos y posteriormente fue haciendo apariciones en el \u00e1mbito internacional.<\/p>\n\n\n\n<p>En 2003, en el vigesimoquinto aniversario de su creaci\u00f3n, su creador, Gilbert Baker, intent\u00f3 volver a popularizar la bandera de ocho franjas original, sin demasiado \u00e9xito, ya que la mayor\u00eda de la comunidad LGBT se inclin\u00f3 por la m\u00e1s conocida bandera de seis franjas. El 14 de junio de 2004, unos activistas gays viajaron a unas deshabitadas islas australianas en los mares de coral e izaron la bandera LGBT, proclamando ese territorio libre de Australia.<\/p>\n\n\n\n<p>Una de las canciones que a Juani y a mi , mas nos gustan fue la versi\u00f3n de la canci\u00f3n del mago de Oz que hizo Israel kamakawiwo y que aqu\u00ed puedes verla y disfrutarla <a href=\"https:\/\/www.youtube.com\/watch?v=KzWtZEhPz_U\">https:\/\/www.youtube.com\/watch?v=KzWtZEhPz_U<\/a><\/p>\n","protected":false},"excerpt":{"rendered":"<p>Hay varias banderas con las que nos sentimos identificados, por desgracia la ignorancia , provoca que algunas de ellas, sean vistas como elementos de divisi\u00f3n y enfrentamiento. Una de las banderas con la que nos identificamos, es la bandera arco iris , entendemos que&#8230;<\/p>\n","protected":false},"author":1,"featured_media":0,"parent":32,"menu_order":0,"comment_status":"closed","ping_status":"closed","template":"","meta":{"_kadence_starter_templates_imported_post":false,"footnotes":""},"class_list":["post-505","page","type-page","status-publish","hentry"],"_links":{"self":[{"href":"https:\/\/lamurta.xyz\/index.php\/wp-json\/wp\/v2\/pages\/505","targetHints":{"allow":["GET"]}}],"collection":[{"href":"https:\/\/lamurta.xyz\/index.php\/wp-json\/wp\/v2\/pages"}],"about":[{"href":"https:\/\/lamurta.xyz\/index.php\/wp-json\/wp\/v2\/types\/page"}],"author":[{"embeddable":true,"href":"https:\/\/lamurta.xyz\/index.php\/wp-json\/wp\/v2\/users\/1"}],"replies":[{"embeddable":true,"href":"https:\/\/lamurta.xyz\/index.php\/wp-json\/wp\/v2\/comments?post=505"}],"version-history":[{"count":14,"href":"https:\/\/lamurta.xyz\/index.php\/wp-json\/wp\/v2\/pages\/505\/revisions"}],"predecessor-version":[{"id":845,"href":"https:\/\/lamurta.xyz\/index.php\/wp-json\/wp\/v2\/pages\/505\/revisions\/845"}],"up":[{"embeddable":true,"href":"https:\/\/lamurta.xyz\/index.php\/wp-json\/wp\/v2\/pages\/32"}],"wp:attachment":[{"href":"https:\/\/lamurta.xyz\/index.php\/wp-json\/wp\/v2\/media?parent=505"}],"curies":[{"name":"wp","href":"https:\/\/api.w.org\/{rel}","templated":true}]}}