{"id":503,"date":"2023-01-18T12:34:46","date_gmt":"2023-01-18T12:34:46","guid":{"rendered":"https:\/\/lamurta.xyz\/?page_id=503"},"modified":"2023-05-30T16:35:32","modified_gmt":"2023-05-30T16:35:32","slug":"los-cachorros","status":"publish","type":"page","link":"https:\/\/lamurta.xyz\/index.php\/perretes\/los-cachorros\/","title":{"rendered":"LOS CACHORROS"},"content":{"rendered":"\n<p>Nela escapo un d\u00eda, y volvi\u00f3 pre\u00f1ada, intentamos dar los cachorros que tuvo , pero les pusimos nombre y los integramos en la familia&#8230;<\/p>\n\n\n\n<p><\/p>\n\n\n\n<p><\/p>\n\n\n\n<p><\/p>\n\n\n\n<div class=\"wp-block-file\"><a id=\"wp-block-file--media-3daa8962-ee13-4713-aff9-3334ce40880d\" href=\"https:\/\/lamurta.xyz\/wp-content\/uploads\/2023\/05\/certificado-seguro-2023-rolho.pdf\" target=\"_blank\" rel=\"noreferrer noopener\">certificado-seguro-2023-rolho<\/a><\/div>\n\n\n\n<div class=\"wp-block-file\"><a id=\"wp-block-file--media-2be35f3e-dba1-4199-89b3-efcfa55096e1\" href=\"https:\/\/lamurta.xyz\/wp-content\/uploads\/2023\/05\/certificado-seguro-2023-iris.pdf\" target=\"_blank\" rel=\"noreferrer noopener\">certificado-seguro-2023-iris<\/a><\/div>\n\n\n\n<div class=\"wp-block-file\"><a id=\"wp-block-file--media-323f8cfa-2176-4c5b-94c4-0e8f9ec1e78f\" href=\"https:\/\/lamurta.xyz\/wp-content\/uploads\/2023\/05\/certificado-seguro-2023-bruno-1.pdf\" target=\"_blank\" rel=\"noreferrer noopener\">certificado-seguro-2023-bruno-1<\/a><\/div>\n","protected":false},"excerpt":{"rendered":"<p>Nela escapo un d\u00eda, y volvi\u00f3 pre\u00f1ada, intentamos dar los cachorros que tuvo , pero les pusimos nombre y los integramos en la familia&#8230;<\/p>\n","protected":false},"author":1,"featured_media":0,"parent":31,"menu_order":0,"comment_status":"closed","ping_status":"closed","template":"","meta":{"_kadence_starter_templates_imported_post":false,"footnotes":""},"class_list":["post-503","page","type-page","status-publish","hentry"],"_links":{"self":[{"href":"https:\/\/lamurta.xyz\/index.php\/wp-json\/wp\/v2\/pages\/503","targetHints":{"allow":["GET"]}}],"collection":[{"href":"https:\/\/lamurta.xyz\/index.php\/wp-json\/wp\/v2\/pages"}],"about":[{"href":"https:\/\/lamurta.xyz\/index.php\/wp-json\/wp\/v2\/types\/page"}],"author":[{"embeddable":true,"href":"https:\/\/lamurta.xyz\/index.php\/wp-json\/wp\/v2\/users\/1"}],"replies":[{"embeddable":true,"href":"https:\/\/lamurta.xyz\/index.php\/wp-json\/wp\/v2\/comments?post=503"}],"version-history":[{"count":4,"href":"https:\/\/lamurta.xyz\/index.php\/wp-json\/wp\/v2\/pages\/503\/revisions"}],"predecessor-version":[{"id":912,"href":"https:\/\/lamurta.xyz\/index.php\/wp-json\/wp\/v2\/pages\/503\/revisions\/912"}],"up":[{"embeddable":true,"href":"https:\/\/lamurta.xyz\/index.php\/wp-json\/wp\/v2\/pages\/31"}],"wp:attachment":[{"href":"https:\/\/lamurta.xyz\/index.php\/wp-json\/wp\/v2\/media?parent=503"}],"curies":[{"name":"wp","href":"https:\/\/api.w.org\/{rel}","templated":true}]}}