{"id":32,"date":"2022-12-31T13:18:36","date_gmt":"2022-12-31T13:18:36","guid":{"rendered":"https:\/\/lamurta.xyz\/?page_id=32"},"modified":"2023-08-21T15:14:52","modified_gmt":"2023-08-21T15:14:52","slug":"nosotros-2","status":"publish","type":"page","link":"https:\/\/lamurta.xyz\/index.php\/nosotros-2\/","title":{"rendered":"NOSOTROS"},"content":{"rendered":"\n<p class=\"has-medium-font-size\">Que contaros de nosotros que no sep\u00e1is&#8230;&#8230;..Nos mudamos a mula en el a\u00f1o 2017, casi huyendo de un pueblo toxico ,como es San Pedro del Pinatar&#8230;, al poco de estar viviendo aqu\u00ed empezamos a notar mejor\u00eda en nuestra salud, entendiendo salud en todo su sentido.<\/p>\n\n\n\n<div class=\"wp-block-media-text alignwide is-stacked-on-mobile\" style=\"grid-template-columns:23% auto\"><figure class=\"wp-block-media-text__media\"><img loading=\"lazy\" decoding=\"async\" width=\"768\" height=\"1024\" src=\"https:\/\/lamurta.xyz\/wp-content\/uploads\/2023\/03\/IMG-20210214-WA0019-768x1024.jpg\" alt=\"\" class=\"wp-image-797 size-full\" srcset=\"https:\/\/lamurta.xyz\/wp-content\/uploads\/2023\/03\/IMG-20210214-WA0019-768x1024.jpg 768w, https:\/\/lamurta.xyz\/wp-content\/uploads\/2023\/03\/IMG-20210214-WA0019-225x300.jpg 225w, https:\/\/lamurta.xyz\/wp-content\/uploads\/2023\/03\/IMG-20210214-WA0019-1152x1536.jpg 1152w, https:\/\/lamurta.xyz\/wp-content\/uploads\/2023\/03\/IMG-20210214-WA0019-480x640.jpg 480w, https:\/\/lamurta.xyz\/wp-content\/uploads\/2023\/03\/IMG-20210214-WA0019.jpg 1536w\" sizes=\"auto, (max-width: 768px) 100vw, 768px\" \/><\/figure><div class=\"wp-block-media-text__content\">\n<p class=\"has-medium-font-size\">\u00bb Cualquiera tiempo pasado\/ fue mejor \u00bb dec\u00eda el poeta, no sido as\u00ed en nuestra vida, dejamos atr\u00e1s un duro pasado, y nos volvimos a reinventar, a llenarnos de nuevo de proyectos e ilusiones.<\/p>\n<\/div><\/div>\n\n\n\n<p class=\"has-medium-font-size\"><\/p>\n\n\n\n<p class=\"has-white-background-color has-background has-medium-font-size\"><\/p>\n\n\n\n<figure class=\"wp-block-gallery has-nested-images columns-default is-cropped wp-block-gallery-1 is-layout-flex wp-block-gallery-is-layout-flex\">\n<figure class=\"wp-block-image size-large\"><img loading=\"lazy\" decoding=\"async\" width=\"768\" height=\"1024\" data-id=\"801\" src=\"https:\/\/lamurta.xyz\/wp-content\/uploads\/2023\/03\/hector-fuente-caputa-1-768x1024.jpg\" alt=\"\" class=\"wp-image-801\" srcset=\"https:\/\/lamurta.xyz\/wp-content\/uploads\/2023\/03\/hector-fuente-caputa-1-768x1024.jpg 768w, https:\/\/lamurta.xyz\/wp-content\/uploads\/2023\/03\/hector-fuente-caputa-1-225x300.jpg 225w, https:\/\/lamurta.xyz\/wp-content\/uploads\/2023\/03\/hector-fuente-caputa-1-1152x1536.jpg 1152w, https:\/\/lamurta.xyz\/wp-content\/uploads\/2023\/03\/hector-fuente-caputa-1-480x640.jpg 480w, https:\/\/lamurta.xyz\/wp-content\/uploads\/2023\/03\/hector-fuente-caputa-1.jpg 1200w\" sizes=\"auto, (max-width: 768px) 100vw, 768px\" \/><\/figure>\n\n\n\n<figure class=\"wp-block-image size-large\"><img loading=\"lazy\" decoding=\"async\" width=\"768\" height=\"1024\" data-id=\"802\" src=\"https:\/\/lamurta.xyz\/wp-content\/uploads\/2023\/03\/hector1-768x1024.jpg\" alt=\"\" class=\"wp-image-802\" srcset=\"https:\/\/lamurta.xyz\/wp-content\/uploads\/2023\/03\/hector1-768x1024.jpg 768w, https:\/\/lamurta.xyz\/wp-content\/uploads\/2023\/03\/hector1-225x300.jpg 225w, https:\/\/lamurta.xyz\/wp-content\/uploads\/2023\/03\/hector1-1152x1536.jpg 1152w, https:\/\/lamurta.xyz\/wp-content\/uploads\/2023\/03\/hector1-480x640.jpg 480w, https:\/\/lamurta.xyz\/wp-content\/uploads\/2023\/03\/hector1.jpg 1200w\" sizes=\"auto, (max-width: 768px) 100vw, 768px\" \/><\/figure>\n\n\n\n<figure class=\"wp-block-image size-large\"><img loading=\"lazy\" decoding=\"async\" width=\"580\" height=\"1024\" data-id=\"807\" src=\"https:\/\/lamurta.xyz\/wp-content\/uploads\/2023\/03\/juntos-580x1024.jpg\" alt=\"\" class=\"wp-image-807\" srcset=\"https:\/\/lamurta.xyz\/wp-content\/uploads\/2023\/03\/juntos-580x1024.jpg 580w, https:\/\/lamurta.xyz\/wp-content\/uploads\/2023\/03\/juntos-170x300.jpg 170w, https:\/\/lamurta.xyz\/wp-content\/uploads\/2023\/03\/juntos-768x1355.jpg 768w, https:\/\/lamurta.xyz\/wp-content\/uploads\/2023\/03\/juntos-870x1536.jpg 870w, https:\/\/lamurta.xyz\/wp-content\/uploads\/2023\/03\/juntos-363x640.jpg 363w, https:\/\/lamurta.xyz\/wp-content\/uploads\/2023\/03\/juntos.jpg 906w\" sizes=\"auto, (max-width: 580px) 100vw, 580px\" \/><\/figure>\n\n\n\n<figure class=\"wp-block-image size-large\"><img loading=\"lazy\" decoding=\"async\" width=\"1024\" height=\"576\" data-id=\"808\" src=\"https:\/\/lamurta.xyz\/wp-content\/uploads\/2023\/03\/IMG-20190826-WA0006-1024x576.jpg\" alt=\"\" class=\"wp-image-808\" srcset=\"https:\/\/lamurta.xyz\/wp-content\/uploads\/2023\/03\/IMG-20190826-WA0006-1024x576.jpg 1024w, https:\/\/lamurta.xyz\/wp-content\/uploads\/2023\/03\/IMG-20190826-WA0006-300x169.jpg 300w, https:\/\/lamurta.xyz\/wp-content\/uploads\/2023\/03\/IMG-20190826-WA0006-768x432.jpg 768w, https:\/\/lamurta.xyz\/wp-content\/uploads\/2023\/03\/IMG-20190826-WA0006-1536x864.jpg 1536w, https:\/\/lamurta.xyz\/wp-content\/uploads\/2023\/03\/IMG-20190826-WA0006-640x360.jpg 640w, https:\/\/lamurta.xyz\/wp-content\/uploads\/2023\/03\/IMG-20190826-WA0006.jpg 1599w\" sizes=\"auto, (max-width: 1024px) 100vw, 1024px\" \/><\/figure>\n\n\n\n<figure class=\"wp-block-image size-large\"><img loading=\"lazy\" decoding=\"async\" width=\"768\" height=\"1024\" data-id=\"809\" src=\"https:\/\/lamurta.xyz\/wp-content\/uploads\/2023\/03\/juani-ventana-bano-768x1024.jpg\" alt=\"\" class=\"wp-image-809\" srcset=\"https:\/\/lamurta.xyz\/wp-content\/uploads\/2023\/03\/juani-ventana-bano-768x1024.jpg 768w, https:\/\/lamurta.xyz\/wp-content\/uploads\/2023\/03\/juani-ventana-bano-225x300.jpg 225w, https:\/\/lamurta.xyz\/wp-content\/uploads\/2023\/03\/juani-ventana-bano-480x640.jpg 480w, https:\/\/lamurta.xyz\/wp-content\/uploads\/2023\/03\/juani-ventana-bano.jpg 996w\" sizes=\"auto, (max-width: 768px) 100vw, 768px\" \/><\/figure>\n\n\n\n<figure class=\"wp-block-image size-large\"><img loading=\"lazy\" decoding=\"async\" width=\"576\" height=\"1024\" data-id=\"810\" src=\"https:\/\/lamurta.xyz\/wp-content\/uploads\/2023\/03\/hector-casa-576x1024.jpg\" alt=\"\" class=\"wp-image-810\" srcset=\"https:\/\/lamurta.xyz\/wp-content\/uploads\/2023\/03\/hector-casa-576x1024.jpg 576w, https:\/\/lamurta.xyz\/wp-content\/uploads\/2023\/03\/hector-casa-169x300.jpg 169w, https:\/\/lamurta.xyz\/wp-content\/uploads\/2023\/03\/hector-casa-768x1365.jpg 768w, https:\/\/lamurta.xyz\/wp-content\/uploads\/2023\/03\/hector-casa-864x1536.jpg 864w, https:\/\/lamurta.xyz\/wp-content\/uploads\/2023\/03\/hector-casa-360x640.jpg 360w, https:\/\/lamurta.xyz\/wp-content\/uploads\/2023\/03\/hector-casa.jpg 1152w\" sizes=\"auto, (max-width: 576px) 100vw, 576px\" \/><\/figure>\n<\/figure>\n\n\n\n<p class=\"has-medium-font-size\">Pareci\u00f3 al principio una tonter\u00eda&#8230;. y cuando empez\u00f3 a tomar forma , una locura<\/p>\n\n\n\n<p class=\"has-medium-font-size\">,y despu\u00e9s una LOCURA&#8230;<\/p>\n\n\n\n<p class=\"has-medium-font-size\">pero&#8230;,\u00bf por que no&#8230;. ?<\/p>\n\n\n\n<p class=\"has-medium-font-size\">alejarnos de la vida , que la sociedad ,sobretodo la de consumo nos exig\u00eda, era tentador.<\/p>\n\n\n\n<p class=\"has-medium-font-size\">Poco a poco se iba transmutando, aquella tonter\u00eda, aquella locura en un proyecto tentador , elegir la casa, \u00bf con buhardilla ?&#8230;..\u00bf en una planta ? buscando por internet , encontramos lo que busc\u00e1bamos , una empresa catalana tenia los que quer\u00edamos y a un precio accesible , pero venia sin montar, sin lacar&#8230;nos tocaba hacerlo a nosotros y eso casi que nos hizo aun mas ilusi\u00f3n, el proyecto se tornaba en un reto ,para conseguirlo , la tonter\u00eda se hizo necesaria, no pod\u00edamos construir viviendo lejos , hab\u00eda que vivir en el terreno.<\/p>\n\n\n\n<p class=\"has-medium-font-size\">Aqu\u00ed ten\u00edamos opciones, nos acoger\u00edan con calidez la familia ,pero&#8230; nuestros ritmos de trabajo son muy peculiares, si, ten\u00edamos que estar a pie de obra, si ahora tocaba trabajar o tocaba parar lo pudi\u00e9ramos hacer sin mas.<\/p>\n\n\n\n<p class=\"has-medium-font-size\">Un amigo permacultor nos dio el empuj\u00f3n final&#8230; cuando le planteamos la empresa que pretend\u00edamos inicia , le pareci\u00f3 una idea fabulosa, \u00bb toma contacto con la tierra, si\u00e9ntela, adapta tu proyecto , a los que haga sentir la tierra\u00bb. No hizo falta mas , compramos las tiendas de campa\u00f1a, nos liamos la manta a la cabeza y &#8230;.<\/p>\n\n\n\n<p class=\"has-medium-font-size\">Bueno de eso hace ya&#8230; empezamos este proyecto en 2017 y cada vez estamos m\u00e1s ilusionados , haci\u00e9ndonos gigantes<\/p>\n","protected":false},"excerpt":{"rendered":"<p>Que contaros de nosotros que no sep\u00e1is&#8230;&#8230;..Nos mudamos a mula en el a\u00f1o 2017, casi huyendo de un pueblo toxico ,como es San Pedro del Pinatar&#8230;, al poco de estar viviendo aqu\u00ed empezamos a notar mejor\u00eda en nuestra salud, entendiendo salud en todo su&#8230;<\/p>\n","protected":false},"author":1,"featured_media":0,"parent":0,"menu_order":0,"comment_status":"closed","ping_status":"closed","template":"","meta":{"_kadence_starter_templates_imported_post":false,"footnotes":""},"class_list":["post-32","page","type-page","status-publish","hentry"],"_links":{"self":[{"href":"https:\/\/lamurta.xyz\/index.php\/wp-json\/wp\/v2\/pages\/32","targetHints":{"allow":["GET"]}}],"collection":[{"href":"https:\/\/lamurta.xyz\/index.php\/wp-json\/wp\/v2\/pages"}],"about":[{"href":"https:\/\/lamurta.xyz\/index.php\/wp-json\/wp\/v2\/types\/page"}],"author":[{"embeddable":true,"href":"https:\/\/lamurta.xyz\/index.php\/wp-json\/wp\/v2\/users\/1"}],"replies":[{"embeddable":true,"href":"https:\/\/lamurta.xyz\/index.php\/wp-json\/wp\/v2\/comments?post=32"}],"version-history":[{"count":14,"href":"https:\/\/lamurta.xyz\/index.php\/wp-json\/wp\/v2\/pages\/32\/revisions"}],"predecessor-version":[{"id":975,"href":"https:\/\/lamurta.xyz\/index.php\/wp-json\/wp\/v2\/pages\/32\/revisions\/975"}],"wp:attachment":[{"href":"https:\/\/lamurta.xyz\/index.php\/wp-json\/wp\/v2\/media?parent=32"}],"curies":[{"name":"wp","href":"https:\/\/api.w.org\/{rel}","templated":true}]}}